{"id":13,"date":"2021-04-08T19:32:51","date_gmt":"2021-04-08T17:32:51","guid":{"rendered":"http:\/\/mingusavocats.com\/?page_id=13"},"modified":"2024-01-31T15:28:26","modified_gmt":"2024-01-31T14:28:26","slug":"dna","status":"publish","type":"page","link":"https:\/\/mingusavocats.com\/index.php\/dna\/","title":{"rendered":"&#8220;DNA&#8221;"},"content":{"rendered":"<div data-colibri-id=\"13-c1\" class=\"style-420 style-local-13-c1 position-relative\">\n  <!---->\n  <div data-colibri-component=\"section\" data-colibri-id=\"13-c2\" id=\"about\" class=\"h-section h-section-global-spacing d-flex align-items-lg-center align-items-md-center align-items-center style-425 style-local-13-c2 position-relative\">\n    <!---->\n    <!---->\n    <div class=\"h-section-grid-container h-section-boxed-container\">\n      <!---->\n      <div data-colibri-id=\"13-c3\" class=\"h-row-container gutters-row-lg-2 gutters-row-md-2 gutters-row-2 gutters-row-v-lg-2 gutters-row-v-md-2 gutters-row-v-2 style-426 style-local-13-c3 position-relative\">\n        <!---->\n        <div class=\"h-row justify-content-lg-center justify-content-md-center justify-content-center align-items-lg-stretch align-items-md-stretch align-items-stretch gutters-col-lg-2 gutters-col-md-2 gutters-col-2 gutters-col-v-lg-2 gutters-col-v-md-2 gutters-col-v-2\">\n          <!---->\n          <div class=\"h-column h-column-container d-flex h-col-lg-6 h-col-md-6 h-col-12 style-427-outer style-local-13-c4-outer\">\n            <div data-colibri-id=\"13-c4\" class=\"d-flex h-flex-basis h-column__inner h-px-lg-2 h-px-md-2 h-px-2 v-inner-lg-2 v-inner-md-2 v-inner-2 style-427 style-local-13-c4 position-relative\">\n              <!---->\n              <!---->\n              <div class=\"w-100 h-y-container h-column__content h-column__v-align flex-basis-100 align-self-lg-center align-self-md-center align-self-center\">\n                <!---->\n                <div data-colibri-id=\"13-c5\" class=\"h-global-transition-all h-heading style-428 style-local-13-c5 position-relative h-element\">\n                  <!---->\n                  <div class=\"h-heading__outer style-428 style-local-13-c5\">\n                    <!---->\n                    <!---->\n                    <h5 class=\"\">Notre ADN<\/h5>\n                  <\/div>\n                <\/div>\n                <div data-colibri-id=\"13-c6\" class=\"h-text h-text-component style-430 style-local-13-c6 position-relative h-element\">\n                  <!---->\n                  <!---->\n                  <div class=\"\">\n                    <p>Mingus Avocats est un cabinet pluridisciplinaire d\u00e9di\u00e9 au droit social et au droit des affaires, enti\u00e8rement consacr\u00e9 au service de sa client\u00e8le de particuliers et d\u2019entreprises.<\/p>\n                    <p>Inspir\u00e9s par le Jazz, les collaborateurs du cabinet Mingus Avocats s\u2019appuient avant tout sur leur technicit\u00e9, acquise au sein des meilleures formations juridiques, pour mieux laisser exprimer leur cr\u00e9ativit\u00e9 dans un environnement juridique\n                      en constante \u00e9volution.<\/p>\n                    <p>Pour la r\u00e9ussite de ses projets, le cabinet met \u00e0 la disposition de sa client\u00e8le tout le talent, l\u2019enthousiasme, la cr\u00e9ativit\u00e9 et l\u2019\u00e9nergie de ses collaborateurs. Aussi, nous mettons tout en \u0153uvre pour garantir l\u2019excellence de notre\n                      relation avec nos clients en privil\u00e9giant la disponibilit\u00e9 de nos collaborateurs, ainsi qu\u2019une communication directe et \u00e9troite pour comprendre et r\u00e9pondre aux enjeux op\u00e9rationnels.<\/p>\n                  <\/div>\n                <\/div>\n                <div data-colibri-id=\"13-c7\" class=\"h-x-container style-431 style-local-13-c7 position-relative h-element\">\n                  <!---->\n                  <div class=\"h-x-container-inner style-dynamic-13-c7-group style-431-spacing style-local-13-c7-spacing\"><span class=\"h-button__outer style-432-outer style-local-13-c8-outer d-inline-flex h-element\"><a h-use-smooth-scroll=\"true\" href=\"https:\/\/mingusavocats.com\/index.php\/contact\/\"  data-colibri-id=\"13-c8\" class=\"d-flex w-100 align-items-center h-button justify-content-lg-center justify-content-md-center justify-content-center style-432 style-local-13-c8 position-relative\"><!----><!----> <span>Contactez-nous<\/span><\/a>\n                    <\/span>\n                  <\/div>\n                <\/div>\n              <\/div>\n            <\/div>\n          <\/div>\n          <div class=\"h-column h-column-container d-flex h-col-lg-6 h-col-md-6 h-col-12 style-433-outer style-local-13-c9-outer\">\n            <div data-colibri-id=\"13-c9\" class=\"d-flex h-flex-basis h-column__inner h-px-lg-2 h-px-md-2 h-px-2 v-inner-lg-2 v-inner-md-2 v-inner-2 style-433 style-local-13-c9 position-relative\">\n              <!---->\n              <!---->\n              <div class=\"w-100 h-y-container h-column__content h-column__v-align flex-basis-100 align-self-lg-center align-self-md-center align-self-center\">\n                <!---->\n                <div data-colibri-id=\"13-c10\" class=\"d-block style-434 style-local-13-c10 position-relative h-element\">\n                  <!---->\n                  <div class=\"h-image__frame-container-outer\">\n                    <div class=\"h-image__frame-container\">\n                      <!---->\n                      <!---->\n                      <img decoding=\"async\" width=\"800\" height=\"800\" src=\"https:\/\/mingusavocats.com\/wp-content\/uploads\/2021\/05\/Citation-amitie\u0301-rouge.png\" class=\"wp-image-445 style-434-image style-local-13-c10-image\" alt=\"\" srcset=\"https:\/\/mingusavocats.com\/wp-content\/uploads\/2021\/05\/Citation-amitie\u0301-rouge.png 800w, https:\/\/mingusavocats.com\/wp-content\/uploads\/2021\/05\/Citation-amitie\u0301-rouge-300x300.png 300w, https:\/\/mingusavocats.com\/wp-content\/uploads\/2021\/05\/Citation-amitie\u0301-rouge-150x150.png 150w, https:\/\/mingusavocats.com\/wp-content\/uploads\/2021\/05\/Citation-amitie\u0301-rouge-768x768.png 768w\" sizes=\"(max-width: 800px) 100vw, 800px\" \/>\n                      <div class=\"h-image__frame h-hide-lg h-hide-md h-hide-sm style-434-frameImage style-local-13-c10-frameImage\"><\/div>\n                    <\/div>\n                  <\/div>\n                <\/div>\n              <\/div>\n            <\/div>\n          <\/div>\n        <\/div>\n      <\/div>\n    <\/div>\n  <\/div>\n  <div data-colibri-component=\"section\" data-colibri-id=\"13-c11\" id=\"custom\" class=\"h-section h-section-global-spacing d-flex align-items-lg-center align-items-md-center align-items-center style-671 style-local-13-c11 position-relative\">\n    <!---->\n    <!---->\n    <div class=\"h-section-grid-container h-section-fluid-container\">\n      <!---->\n      <div data-colibri-id=\"13-c12\" class=\"h-row-container gutters-row-lg-2 gutters-row-md-2 gutters-row-0 gutters-row-v-lg-2 gutters-row-v-md-2 gutters-row-v-2 style-672 style-local-13-c12 position-relative\">\n        <!---->\n        <div class=\"h-row justify-content-lg-center justify-content-md-center justify-content-center align-items-lg-stretch align-items-md-stretch align-items-stretch gutters-col-lg-2 gutters-col-md-2 gutters-col-0 gutters-col-v-lg-2 gutters-col-v-md-2 gutters-col-v-2\">\n          <!---->\n          <div class=\"h-column h-column-container d-flex h-col-lg-auto h-col-md-auto h-col-auto style-673-outer style-local-13-c13-outer\">\n            <div data-colibri-id=\"13-c13\" class=\"d-flex h-flex-basis h-column__inner h-px-lg-2 h-px-md-2 h-px-2 v-inner-lg-2 v-inner-md-2 v-inner-2 style-673 style-local-13-c13 position-relative\">\n              <!---->\n              <!---->\n              <div class=\"w-100 h-y-container h-column__content h-column__v-align flex-basis-100 align-self-lg-start align-self-md-start align-self-start\">\n                <!---->\n                <div data-colibri-id=\"13-c14\" class=\"h-divider style-676 style-local-13-c14 position-relative h-element\">\n                  <!----><span class=\"h-divider__line style-676-line style-local-13-c14-line style-676-line style-local-13-c14-line\"><\/span><\/div>\n              <\/div>\n            <\/div>\n          <\/div>\n        <\/div>\n      <\/div>\n    <\/div>\n  <\/div>\n  <div data-colibri-component=\"section\" data-colibri-id=\"13-c15\" id=\"team\" class=\"h-section h-section-global-spacing d-flex align-items-lg-center align-items-md-center align-items-center style-649 style-local-13-c15 position-relative\">\n    <!---->\n    <!---->\n    <div class=\"h-section-grid-container h-section-boxed-container\">\n      <div data-colibri-id=\"13-c29\" class=\"h-row-container gutters-row-lg-2 gutters-row-md-2 gutters-row-0 gutters-row-v-lg-2 gutters-row-v-md-2 gutters-row-v-2 style-663 style-local-13-c29 position-relative\">\n        <!---->\n        <div class=\"h-row justify-content-lg-center justify-content-md-center justify-content-center align-items-lg-stretch align-items-md-stretch align-items-stretch gutters-col-lg-2 gutters-col-md-2 gutters-col-0 gutters-col-v-lg-2 gutters-col-v-md-2 gutters-col-v-2\">\n          <!---->\n          <div class=\"h-column h-column-container d-flex h-col-lg-auto h-col-md-auto h-col-auto style-664-outer style-local-13-c30-outer\">\n            <div data-colibri-id=\"13-c30\" class=\"d-flex h-flex-basis h-column__inner h-px-lg-2 h-px-md-2 h-px-2 v-inner-lg-2 v-inner-md-2 v-inner-2 style-664 style-local-13-c30 position-relative\">\n              <!---->\n              <!---->\n              <div class=\"w-100 h-y-container h-column__content h-column__v-align flex-basis-100 align-self-lg-start align-self-md-start align-self-start\">\n                <!---->\n                <div data-colibri-id=\"13-c31\" class=\"h-global-transition-all h-heading style-665 style-local-13-c31 position-relative h-element\">\n                  <!---->\n                  <div class=\"h-heading__outer style-665 style-local-13-c31\">\n                    <!---->\n                    <!---->\n                    <h5 class=\"\">Notre \u00e9quipe<\/h5>\n                  <\/div>\n                <\/div>\n              <\/div>\n            <\/div>\n          <\/div>\n        <\/div>\n      <\/div>\n      <div data-colibri-id=\"13-c16\" class=\"h-row-container gutters-row-lg-2 gutters-row-md-2 gutters-row-0 gutters-row-v-lg-2 gutters-row-v-md-2 gutters-row-v-2 style-650 style-local-13-c16 position-relative\">\n        <!---->\n        <div class=\"h-row justify-content-lg-center justify-content-md-center justify-content-center align-items-lg-stretch align-items-md-stretch align-items-stretch gutters-col-lg-2 gutters-col-md-2 gutters-col-0 gutters-col-v-lg-2 gutters-col-v-md-2 gutters-col-v-2\">\n          <!---->\n          <div class=\"h-column h-column-container d-flex h-col-lg-3 h-col-md-6 h-col-12 style-651-outer style-local-13-c17-outer\">\n            <div data-colibri-id=\"13-c17\" class=\"d-flex h-flex-basis h-column__inner h-px-lg-0 h-px-md-0 h-px-0 v-inner-lg-0 v-inner-md-0 v-inner-0 style-651 style-local-13-c17 position-relative\">\n              <!---->\n              <!---->\n              <div class=\"w-100 h-y-container h-column__content h-column__v-align flex-basis-100 align-self-lg-start align-self-md-start align-self-start\">\n                <!---->\n                <div data-colibri-id=\"13-c18\" class=\"d-block style-652 style-local-13-c18 position-relative h-element\">\n                  <!---->\n                  <div class=\"h-image__frame-container-outer\">\n                    <div class=\"h-image__frame-container\">\n                      <!---->\n                      <!---->\n                      <img decoding=\"async\" src=\"https:\/\/mingusavocats.com\/wp-content\/uploads\/2021\/06\/1574762569033.jpeg\" class=\"style-652-image style-local-13-c18-image\">\n                      <div class=\"h-image__frame h-hide-lg h-hide-md h-hide-sm style-652-frameImage style-local-13-c18-frameImage\"><\/div>\n                    <\/div>\n                  <\/div>\n                <\/div>\n                <div data-colibri-id=\"13-c19\" class=\"h-global-transition-all h-heading style-653 style-local-13-c19 position-relative h-element\">\n                  <!---->\n                  <div class=\"h-heading__outer style-653 style-local-13-c19\">\n                    <!---->\n                    <!---->\n                    <h4 class=\"\">Amin FLISSI<\/h4>\n                  <\/div>\n                <\/div>\n                <div data-colibri-id=\"13-c20\" class=\"h-text h-text-component style-654 style-local-13-c20 position-relative h-element\">\n                  <!---->\n                  <!---->\n                  <div class=\"\">\n                    <p>Avocat \u00e0 la Cour<\/p>\n                  <\/div>\n                <\/div>\n                <div data-colibri-id=\"13-c21\" class=\"h-text h-text-component style-655 style-local-13-c21 position-relative h-element\">\n                  <!---->\n                  <!---->\n                  <div class=\"\"><\/div>\n                <\/div>\n                <div data-colibri-id=\"13-c22\" class=\"style-656 style-local-13-c22 position-relative h-element\">\n                  <!---->\n                  <div class=\"d-flex flex-wrap h-social-icons justify-content-lg-center justify-content-md-center justify-content-center\">\n                    <div class=\"social-icon-container d-inline-flex\">\n                      <a href=\"https:\/\/www.linkedin.com\/in\/amine-flissi-3babb376\/\" target=\"_blank\" rel=\"nofollow noopener\" h-use-smooth-scroll=\"true\">\n                        <div class=\"icon-container h-social-icon h-global-transition\">\n                          <div class=\"h-icon-svg\" style=\"width: 100%; height: 100%;\">\n                            <!--Icon by Socicon (http:\/\/www.socicon.com)-->\n                            <svg version=\"1.1\" xmlns=\"http:\/\/www.w3.org\/2000\/svg\" viewBox=\"0 0 1500 1500\">\n\n                              <path d=\"M1122.070 767.578c-20.508-23.438-55.664-35.156-105.469-35.156-64.453 0-108.398 20.508-134.766 55.664-26.367 38.086-38.086 90.82-38.086 158.203v512.695c0 8.789-2.93 17.578-11.719 26.367-5.859 5.859-17.578 11.719-26.367 11.719h-269.531c-8.789 0-17.578-5.859-26.367-11.719-5.859-8.789-11.719-17.578-11.719-26.367v-946.289c0-8.789 5.859-17.578 11.719-26.367 8.789-5.859 17.578-11.719 26.367-11.719h260.742c8.789 0 17.578 2.93 23.438 5.859s8.789 11.719 11.719 20.508c0 8.789 2.93 17.578 2.93 20.508s0 11.719 0 23.438c67.383-64.453 158.203-93.75 266.602-93.75 125.977 0 222.656 29.297 292.969 90.82 70.313 64.453 105.469 155.273 105.469 278.32v638.672c0 8.789-2.93 17.578-11.719 26.367-5.859 5.859-17.578 11.719-26.367 11.719h-275.391c-8.789 0-17.578-5.859-26.367-11.719-5.859-8.789-11.719-17.578-11.719-26.367v-577.148c0-49.805-8.789-87.891-26.367-114.258zM310.547 313.477c-35.156 35.156-79.102 52.734-128.906 52.734s-93.75-17.578-128.906-52.734c-35.156-35.156-52.734-76.172-52.734-128.906 0-49.805 17.578-90.82 52.734-125.977s79.102-55.664 128.906-55.664c49.805 0 93.75 20.508 128.906 55.664s52.734 76.172 52.734 125.977c0 52.734-17.578 93.75-52.734 128.906zM354.492 512.695v946.289c0 8.789-5.859 17.578-11.719 26.367-8.789 5.859-17.578 11.719-26.367 11.719h-269.531c-8.789 0-17.578-5.859-26.367-11.719-5.859-8.789-11.719-17.578-11.719-26.367v-946.289c0-8.789 5.859-17.578 11.719-26.367 8.789-5.859 17.578-11.719 26.367-11.719h269.531c8.789 0 17.578 5.859 26.367 11.719 5.859 8.789 11.719 17.578 11.719 26.367z\"><\/path>\n                            <\/svg>\n                          <\/div>\n                        <\/div>\n                      <\/a>\n                    <\/div>\n                    <div class=\"social-icon-container d-inline-flex\">\n                      <a href=\"https:\/\/twitter.com\/MingusPost\" h-use-smooth-scroll=\"true\">\n                        <div class=\"icon-container h-social-icon h-global-transition\">\n                          <div class=\"h-icon-svg\" style=\"width: 100%; height: 100%;\">\n                            <!--Icon by Socicon (http:\/\/www.socicon.com)-->\n                            <svg version=\"1.1\" xmlns=\"http:\/\/www.w3.org\/2000\/svg\" viewBox=\"0 0 1500 1500\">\n\n                              <path d=\"M1347.656 445.313c0 11.719 0 26.367 0 38.086 0 407.227-310.547 875.977-875.977 875.977-172.852 0-336.914-49.805-471.68-137.695 23.438 2.93 49.805 2.93 73.242 2.93 143.555 0 278.32-46.875 383.789-131.836-134.766 0-249.023-90.82-290.039-213.867 20.508 5.859 38.086 5.859 58.594 5.859 29.297 0 55.664-2.93 82.031-8.789-140.625-29.297-246.094-155.273-246.094-301.758 0-2.93 0-2.93 0-5.859 41.016 23.438 87.891 38.086 137.695 38.086-82.031-52.734-137.695-149.414-137.695-254.883 0-55.664 17.578-108.398 43.945-155.273 149.414 187.5 377.93 310.547 632.813 322.266-5.859-23.438-8.789-46.875-8.789-70.313 0-169.922 137.695-307.617 307.617-307.617 90.82 0 169.922 38.086 225.586 96.68 70.313-14.648 137.695-38.086 196.289-73.242-23.438 70.313-73.242 131.836-134.766 169.922 61.523-8.789 120.117-23.438 175.781-49.805-41.016 61.523-93.75 117.188-152.344 161.133z\"><\/path>\n                            <\/svg>\n                          <\/div>\n                        <\/div>\n                      <\/a>\n                    <\/div>\n                  <\/div>\n                <\/div>\n              <\/div>\n            <\/div>\n          <\/div>\n          <div class=\"h-column h-column-container d-flex h-col-lg-3 h-col-md-6 h-col-12 style-651-outer style-local-13-c23-outer\">\n            <div data-colibri-id=\"13-c23\" class=\"d-flex h-flex-basis h-column__inner h-px-lg-0 h-px-md-0 h-px-0 v-inner-lg-0 v-inner-md-0 v-inner-0 style-651 style-local-13-c23 position-relative\">\n              <!---->\n              <!---->\n              <div class=\"w-100 h-y-container h-column__content h-column__v-align flex-basis-100 align-self-lg-start align-self-md-start align-self-start\">\n                <!---->\n                <div data-colibri-id=\"13-c24\" class=\"d-block style-657 style-local-13-c24 position-relative h-element\">\n                  <!---->\n                  <div class=\"h-image__frame-container-outer\">\n                    <div class=\"h-image__frame-container\">\n                      <!---->\n                      <!---->\n                      <img decoding=\"async\" src=\"https:\/\/mingusavocats.com\/wp-content\/uploads\/2021\/06\/cropped-M3_6181-Modifier-scaled-1-300x300.jpg\" class=\"style-657-image style-local-13-c24-image\">\n                      <div class=\"h-image__frame h-hide-lg h-hide-md h-hide-sm style-657-frameImage style-local-13-c24-frameImage\"><\/div>\n                    <\/div>\n                  <\/div>\n                <\/div>\n                <div data-colibri-id=\"13-c25\" class=\"h-global-transition-all h-heading style-653 style-local-13-c25 position-relative h-element\">\n                  <!---->\n                  <div class=\"h-heading__outer style-653 style-local-13-c25\">\n                    <!---->\n                    <!---->\n                    <h4 class=\"\">Sami FLISSI<\/h4>\n                  <\/div>\n                <\/div>\n                <div data-colibri-id=\"13-c26\" class=\"h-text h-text-component style-654 style-local-13-c26 position-relative h-element\">\n                  <!---->\n                  <!---->\n                  <div class=\"\">\n                    <p>Juriste en droit des affaires<\/p>\n                  <\/div>\n                <\/div>\n                <div data-colibri-id=\"13-c27\" class=\"h-text h-text-component style-655 style-local-13-c27 position-relative h-element\">\n                  <!---->\n                  <!---->\n                  <div class=\"\"><\/div>\n                <\/div>\n                <div data-colibri-id=\"13-c28\" class=\"style-658 style-local-13-c28 position-relative h-element\">\n                  <!---->\n                  <div class=\"d-flex flex-wrap h-social-icons justify-content-lg-center justify-content-md-center justify-content-center\">\n                    <div class=\"social-icon-container d-inline-flex\">\n                      <a href=\"https:\/\/www.linkedin.com\/in\/sami-flissi-47126293\/\" h-use-smooth-scroll=\"true\">\n                        <div class=\"icon-container h-social-icon h-global-transition\">\n                          <div class=\"h-icon-svg\" style=\"width: 100%; height: 100%;\">\n                            <!--Icon by Socicon (http:\/\/www.socicon.com)-->\n                            <svg version=\"1.1\" xmlns=\"http:\/\/www.w3.org\/2000\/svg\" viewBox=\"0 0 1500 1500\">\n\n                              <path d=\"M1122.070 767.578c-20.508-23.438-55.664-35.156-105.469-35.156-64.453 0-108.398 20.508-134.766 55.664-26.367 38.086-38.086 90.82-38.086 158.203v512.695c0 8.789-2.93 17.578-11.719 26.367-5.859 5.859-17.578 11.719-26.367 11.719h-269.531c-8.789 0-17.578-5.859-26.367-11.719-5.859-8.789-11.719-17.578-11.719-26.367v-946.289c0-8.789 5.859-17.578 11.719-26.367 8.789-5.859 17.578-11.719 26.367-11.719h260.742c8.789 0 17.578 2.93 23.438 5.859s8.789 11.719 11.719 20.508c0 8.789 2.93 17.578 2.93 20.508s0 11.719 0 23.438c67.383-64.453 158.203-93.75 266.602-93.75 125.977 0 222.656 29.297 292.969 90.82 70.313 64.453 105.469 155.273 105.469 278.32v638.672c0 8.789-2.93 17.578-11.719 26.367-5.859 5.859-17.578 11.719-26.367 11.719h-275.391c-8.789 0-17.578-5.859-26.367-11.719-5.859-8.789-11.719-17.578-11.719-26.367v-577.148c0-49.805-8.789-87.891-26.367-114.258zM310.547 313.477c-35.156 35.156-79.102 52.734-128.906 52.734s-93.75-17.578-128.906-52.734c-35.156-35.156-52.734-76.172-52.734-128.906 0-49.805 17.578-90.82 52.734-125.977s79.102-55.664 128.906-55.664c49.805 0 93.75 20.508 128.906 55.664s52.734 76.172 52.734 125.977c0 52.734-17.578 93.75-52.734 128.906zM354.492 512.695v946.289c0 8.789-5.859 17.578-11.719 26.367-8.789 5.859-17.578 11.719-26.367 11.719h-269.531c-8.789 0-17.578-5.859-26.367-11.719-5.859-8.789-11.719-17.578-11.719-26.367v-946.289c0-8.789 5.859-17.578 11.719-26.367 8.789-5.859 17.578-11.719 26.367-11.719h269.531c8.789 0 17.578 5.859 26.367 11.719 5.859 8.789 11.719 17.578 11.719 26.367z\"><\/path>\n                            <\/svg>\n                          <\/div>\n                        <\/div>\n                      <\/a>\n                    <\/div>\n                    <div class=\"social-icon-container d-inline-flex\">\n                      <a href=\"https:\/\/twitter.com\/MingusPost\" h-use-smooth-scroll=\"true\">\n                        <div class=\"icon-container h-social-icon h-global-transition\">\n                          <div class=\"h-icon-svg\" style=\"width: 100%; height: 100%;\">\n                            <!--Icon by Socicon (http:\/\/www.socicon.com)-->\n                            <svg version=\"1.1\" xmlns=\"http:\/\/www.w3.org\/2000\/svg\" viewBox=\"0 0 1500 1500\">\n\n                              <path d=\"M1347.656 445.313c0 11.719 0 26.367 0 38.086 0 407.227-310.547 875.977-875.977 875.977-172.852 0-336.914-49.805-471.68-137.695 23.438 2.93 49.805 2.93 73.242 2.93 143.555 0 278.32-46.875 383.789-131.836-134.766 0-249.023-90.82-290.039-213.867 20.508 5.859 38.086 5.859 58.594 5.859 29.297 0 55.664-2.93 82.031-8.789-140.625-29.297-246.094-155.273-246.094-301.758 0-2.93 0-2.93 0-5.859 41.016 23.438 87.891 38.086 137.695 38.086-82.031-52.734-137.695-149.414-137.695-254.883 0-55.664 17.578-108.398 43.945-155.273 149.414 187.5 377.93 310.547 632.813 322.266-5.859-23.438-8.789-46.875-8.789-70.313 0-169.922 137.695-307.617 307.617-307.617 90.82 0 169.922 38.086 225.586 96.68 70.313-14.648 137.695-38.086 196.289-73.242-23.438 70.313-73.242 131.836-134.766 169.922 61.523-8.789 120.117-23.438 175.781-49.805-41.016 61.523-93.75 117.188-152.344 161.133z\"><\/path>\n                            <\/svg>\n                          <\/div>\n                        <\/div>\n                      <\/a>\n                    <\/div>\n                  <\/div>\n                <\/div>\n              <\/div>\n            <\/div>\n          <\/div>\n        <\/div>\n      <\/div>\n    <\/div>\n  <\/div>\n<\/div>","protected":false},"excerpt":{"rendered":"<p>Notre ADN Mingus Avocats est un cabinet pluridisciplinaire d&eacute;di&eacute; au droit social et au droit des affaires, enti&egrave;rement consacr&eacute; au service de sa client&egrave;le de particuliers et d&rsquo;entreprises. Inspir&eacute;s par le Jazz, les collaborateurs du cabinet Mingus Avocats s&rsquo;appuient avant tout sur leur technicit&eacute;, acquise au sein des meilleures formations juridiques, pour mieux laisser exprimer [&hellip;]<\/p>\n","protected":false},"author":1,"featured_media":0,"parent":0,"menu_order":0,"comment_status":"closed","ping_status":"closed","template":"page-templates\/full-width-page.php","meta":{"content-type":"","footnotes":""},"_links":{"self":[{"href":"https:\/\/mingusavocats.com\/index.php\/wp-json\/wp\/v2\/pages\/13"}],"collection":[{"href":"https:\/\/mingusavocats.com\/index.php\/wp-json\/wp\/v2\/pages"}],"about":[{"href":"https:\/\/mingusavocats.com\/index.php\/wp-json\/wp\/v2\/types\/page"}],"author":[{"embeddable":true,"href":"https:\/\/mingusavocats.com\/index.php\/wp-json\/wp\/v2\/users\/1"}],"replies":[{"embeddable":true,"href":"https:\/\/mingusavocats.com\/index.php\/wp-json\/wp\/v2\/comments?post=13"}],"version-history":[{"count":20,"href":"https:\/\/mingusavocats.com\/index.php\/wp-json\/wp\/v2\/pages\/13\/revisions"}],"predecessor-version":[{"id":3640,"href":"https:\/\/mingusavocats.com\/index.php\/wp-json\/wp\/v2\/pages\/13\/revisions\/3640"}],"wp:attachment":[{"href":"https:\/\/mingusavocats.com\/index.php\/wp-json\/wp\/v2\/media?parent=13"}],"curies":[{"name":"wp","href":"https:\/\/api.w.org\/{rel}","templated":true}]}}