{"id":48,"date":"2021-07-08T10:54:03","date_gmt":"2021-07-08T08:54:03","guid":{"rendered":"http:\/\/mingusavocats.com\/?page_id=48"},"modified":"2024-02-03T15:31:21","modified_gmt":"2024-02-03T14:31:21","slug":"actualites-2","status":"publish","type":"page","link":"https:\/\/mingusavocats.com\/index.php\/actualites-2\/","title":{"rendered":"ACTUALIT\u00c9S"},"content":{"rendered":"<div class=\"style-757 style-local-48-c1 position-relative\" data-colibri-id=\"48-c1\">\r\n<div id=\"initial-content\" class=\"h-section h-section-global-spacing d-flex align-items-lg-center align-items-md-center align-items-center style-758 style-local-48-c2 position-relative\" data-colibri-component=\"section\" data-colibri-id=\"48-c2\">\r\n<div class=\"h-section-grid-container h-section-fluid-container\">\r\n<div class=\"h-row-container gutters-row-lg-3 gutters-row-md-3 gutters-row-0 gutters-row-v-lg-3 gutters-row-v-md-3 gutters-row-v-3 style-759 style-local-48-c3 position-relative\" data-colibri-id=\"48-c3\">\r\n<div class=\"h-row justify-content-lg-center justify-content-md-center justify-content-center align-items-lg-center align-items-md-center align-items-center gutters-col-lg-3 gutters-col-md-3 gutters-col-0 gutters-col-v-lg-3 gutters-col-v-md-3 gutters-col-v-3\">\r\n<div class=\"h-column h-column-container d-flex h-col-lg-12 h-col-md-12 h-col-12 align-self-lg-center align-self-md-center align-self-center style-760-outer style-local-48-c4-outer\">\r\n<div class=\"d-flex h-flex-basis h-column__inner h-px-lg-3 h-px-md-3 h-px-3 v-inner-lg-3 v-inner-md-3 v-inner-3 style-760 style-local-48-c4 position-relative\" data-colibri-id=\"48-c4\">\r\n<div class=\"w-100 h-y-container h-column__content h-column__v-align flex-basis-100 align-self-lg-center align-self-md-center align-self-center\">\r\n<div class=\"style-761 style-local-48-c5 position-relative h-element\" data-colibri-id=\"48-c5\">\r\n<div>    <div class=\"smblog_masonry_numcol\">\n        <div class=\"sm-grid sm-effect\" id=\"sm-grid-layout\">\n\n            \n                                    <div class=\"grid-sm-boxes-in post-2549\">\n                        <div class=\"grid-sm-border\">\n\n                            <a href=\"https:\/\/mingusavocats.com\/index.php\/2019\/02\/03\/reflexions-autour-de-laudition-penale-menee-par-linspection-du-travail\/\"><img decoding=\"async\" class=\"img-responsive\" src=\"https:\/\/mingusavocats.com\/wp-content\/uploads\/2021\/07\/featured_garde-a-vue-1050x697-1.jpeg\"><\/a>\n                            \n                                                            <div class=\"sm-grid-boxes-caption\">\n                                    <div class=\"sm-post-title\"><a href=\"https:\/\/mingusavocats.com\/index.php\/2019\/02\/03\/reflexions-autour-de-laudition-penale-menee-par-linspection-du-travail\/\">R\u00e9flexions autour de l\u2019audition p\u00e9nale men\u00e9e par l\u2019Inspection du travail<\/a><\/div>\n                                    <div class=\"sm-list-inline sm-grid-boxes-news\">\n                                        <div class=\"sm-meta\">\n                                            <span class=\"sm-meta-part\">\n                                                                                                <span class=\"sm-meta-date\"> <i class=\"sm-icon-date\">\n                                                    <\/i><a href=\"https:\/\/mingusavocats.com\/index.php\/2019\/02\/03\/\">3 f\u00e9vrier 2019<\/a> <\/span>\n                                                                                            <\/span>\n                                        <\/div>\n                                    <\/div>\n                                    <div class=\"sm-grid-boxes-quote\">\n                                        <\/p>Les pouvoirs dont disposent les agents de contr&ocirc;le de l&rsquo;Inspection du travail pour mener &agrave; bien leurs missions sont nombreux.\u2026<\/p>                                    <\/div>\n                                <\/div>\n                            \n                        <\/div>\n                    <\/div>\n\n                            \n                                    <div class=\"grid-sm-boxes-in post-1\">\n                        <div class=\"grid-sm-border\">\n\n                            <a href=\"https:\/\/mingusavocats.com\/index.php\/2021\/04\/07\/avis-dinaptitude\/\"><img decoding=\"async\" class=\"img-responsive\" src=\"https:\/\/mingusavocats.com\/wp-content\/uploads\/2021\/05\/the-labour-code-3520806_1920.jpg\"><\/a>\n                            \n                                                            <div class=\"sm-grid-boxes-caption\">\n                                    <div class=\"sm-post-title\"><a href=\"https:\/\/mingusavocats.com\/index.php\/2021\/04\/07\/avis-dinaptitude\/\">Contestation de l\u2019avis d\u2019inaptitude prononc\u00e9 par le m\u00e9decin du travail : les derniers \u00e9clairages de la chambre sociale<\/a><\/div>\n                                    <div class=\"sm-list-inline sm-grid-boxes-news\">\n                                        <div class=\"sm-meta\">\n                                            <span class=\"sm-meta-part\">\n                                                                                                <span class=\"sm-meta-date\"> <i class=\"sm-icon-date\">\n                                                    <\/i><a href=\"https:\/\/mingusavocats.com\/index.php\/2021\/04\/07\/\">7 avril 2021<\/a> <\/span>\n                                                                                            <\/span>\n                                        <\/div>\n                                    <\/div>\n                                    <div class=\"sm-grid-boxes-quote\">\n                                        <p>Usant de la proc\u00e9dure d\u2019avis pr\u00e9vue par l\u2019article L. 441-1 du code de l\u2019organisation judiciaire, qui permet aux juridictions du fond de consulter la Cour de cassation sur une question de droit, le conseil de prud\u2019hommes de Cayenne a contribu\u00e9 de mani\u00e8re d\u00e9cisive \u00e0 la d\u00e9finition du nouveau r\u00e9gime de contestation des avis d\u2019inaptitude du m\u00e9decin du travail issu de l\u2019ordonnance n\u00b0 2017-1387 du 22 septembre 2017.<\/p>\n                                    <\/div>\n                                <\/div>\n                            \n                        <\/div>\n                    <\/div>\n\n                            \n                                    <div class=\"grid-sm-boxes-in post-2559\">\n                        <div class=\"grid-sm-border\">\n\n                            <a href=\"https:\/\/mingusavocats.com\/index.php\/2021\/08\/25\/protocole-sanitaire-en-entreprise-preparer-le-retour-des-salaries\/\"><img decoding=\"async\" class=\"img-responsive\" src=\"https:\/\/mingusavocats.com\/wp-content\/uploads\/2021\/05\/construction-1510561_1920.jpg\"><\/a>\n                            \n                                                            <div class=\"sm-grid-boxes-caption\">\n                                    <div class=\"sm-post-title\"><a href=\"https:\/\/mingusavocats.com\/index.php\/2021\/08\/25\/protocole-sanitaire-en-entreprise-preparer-le-retour-des-salaries\/\">[VIDEO] Protocole sanitaire en entreprise : Pr\u00e9parer le retour des salari\u00e9s<\/a><\/div>\n                                    <div class=\"sm-list-inline sm-grid-boxes-news\">\n                                        <div class=\"sm-meta\">\n                                            <span class=\"sm-meta-part\">\n                                                                                                <span class=\"sm-meta-date\"> <i class=\"sm-icon-date\">\n                                                    <\/i><a href=\"https:\/\/mingusavocats.com\/index.php\/2021\/08\/25\/\">25 ao\u00fbt 2021<\/a> <\/span>\n                                                                                            <\/span>\n                                        <\/div>\n                                    <\/div>\n                                    <div class=\"sm-grid-boxes-quote\">\n                                        <\/p>&nbsp; &nbsp; &nbsp;<\/p>                                    <\/div>\n                                <\/div>\n                            \n                        <\/div>\n                    <\/div>\n\n                            \n                                    <div class=\"grid-sm-boxes-in post-2565\">\n                        <div class=\"grid-sm-border\">\n\n                            <a href=\"https:\/\/mingusavocats.com\/index.php\/2021\/08\/25\/lobligation-vaccinale-contre-la-covid-19-des-professionnels-de-sante-la-nature-restrictive-des-contre-indications-porte-une-atteinte-disproportionnee-aux-droits-et-libertes-fondamentaux-des\/\"><img decoding=\"async\" class=\"img-responsive\" src=\"https:\/\/mingusavocats.com\/wp-content\/uploads\/2021\/08\/adobestock-270579844.jpeg\"><\/a>\n                            \n                                                            <div class=\"sm-grid-boxes-caption\">\n                                    <div class=\"sm-post-title\"><a href=\"https:\/\/mingusavocats.com\/index.php\/2021\/08\/25\/lobligation-vaccinale-contre-la-covid-19-des-professionnels-de-sante-la-nature-restrictive-des-contre-indications-porte-une-atteinte-disproportionnee-aux-droits-et-libertes-fondamentaux-des\/\">Conformit\u00e9 aux droits et libert\u00e9s fondamentaux de l\u2019obligation vaccinale contre la Covid-19 des professionnels de sant\u00e9<\/a><\/div>\n                                    <div class=\"sm-list-inline sm-grid-boxes-news\">\n                                        <div class=\"sm-meta\">\n                                            <span class=\"sm-meta-part\">\n                                                                                                <span class=\"sm-meta-date\"> <i class=\"sm-icon-date\">\n                                                    <\/i><a href=\"https:\/\/mingusavocats.com\/index.php\/2021\/08\/25\/\">25 ao\u00fbt 2021<\/a> <\/span>\n                                                                                            <\/span>\n                                        <\/div>\n                                    <\/div>\n                                    <div class=\"sm-grid-boxes-quote\">\n                                        <\/p>D&eacute;cret n&deg; 2021-1059 du 7 ao&ucirc;t 2021 prescrivant les contre-indications &agrave; la vaccination obligatoire des professionnels de sant&eacute; contre la\u2026<\/p>                                    <\/div>\n                                <\/div>\n                            \n                        <\/div>\n                    <\/div>\n\n                            \n        <\/div>\n                <\/div>\n\n\r\n\r\n\r\n<p>&nbsp;<\/p>\r\n<\/div>\r\n<\/div>\r\n<\/div>\r\n<\/div>\r\n<\/div>\r\n<\/div>\r\n<\/div>\r\n<\/div>\r\n<\/div>\r\n<\/div>\r\n<div id=\"simple-translate\" class=\"simple-translate-system-theme\">\r\n<div>\r\n<div class=\"simple-translate-button isShow\" style=\"background-image: url('moz-extension:\/\/a583543e-73ff-4d52-b186-3803847a8858\/icons\/512.png'); height: 22px; width: 22px; top: 49px; left: 455px;\">\u00a0<\/div>\r\n<div class=\"simple-translate-panel \" style=\"width: 300px; height: 200px; top: 0px; left: 0px; font-size: 13px;\">\r\n<div class=\"simple-translate-result-wrapper\" style=\"overflow: hidden;\">\r\n<div class=\"simple-translate-move\" draggable=\"true\">\u00a0<\/div>\r\n<div class=\"simple-translate-result-contents\">\r\n<p class=\"simple-translate-result\" dir=\"auto\">\u00a0<\/p>\r\n<p class=\"simple-translate-candidate\" dir=\"auto\">\u00a0<\/p>\r\n<\/div>\r\n<\/div>\r\n<\/div>\r\n<\/div>\r\n<\/div>","protected":false},"excerpt":{"rendered":"<p>&nbsp; &nbsp; &nbsp; &nbsp; &nbsp;<\/p>\n","protected":false},"author":1,"featured_media":0,"parent":0,"menu_order":0,"comment_status":"closed","ping_status":"closed","template":"page-templates\/full-width-page.php","meta":{"content-type":"","footnotes":""},"_links":{"self":[{"href":"https:\/\/mingusavocats.com\/index.php\/wp-json\/wp\/v2\/pages\/48"}],"collection":[{"href":"https:\/\/mingusavocats.com\/index.php\/wp-json\/wp\/v2\/pages"}],"about":[{"href":"https:\/\/mingusavocats.com\/index.php\/wp-json\/wp\/v2\/types\/page"}],"author":[{"embeddable":true,"href":"https:\/\/mingusavocats.com\/index.php\/wp-json\/wp\/v2\/users\/1"}],"replies":[{"embeddable":true,"href":"https:\/\/mingusavocats.com\/index.php\/wp-json\/wp\/v2\/comments?post=48"}],"version-history":[{"count":12,"href":"https:\/\/mingusavocats.com\/index.php\/wp-json\/wp\/v2\/pages\/48\/revisions"}],"predecessor-version":[{"id":3712,"href":"https:\/\/mingusavocats.com\/index.php\/wp-json\/wp\/v2\/pages\/48\/revisions\/3712"}],"wp:attachment":[{"href":"https:\/\/mingusavocats.com\/index.php\/wp-json\/wp\/v2\/media?parent=48"}],"curies":[{"name":"wp","href":"https:\/\/api.w.org\/{rel}","templated":true}]}}